{"id":610,"date":"2023-01-07T12:24:49","date_gmt":"2023-01-07T12:24:49","guid":{"rendered":"https:\/\/www.alvoration.com\/?page_id=610"},"modified":"2025-07-19T16:33:31","modified_gmt":"2025-07-19T14:33:31","slug":"terms-of-use","status":"publish","type":"page","link":"https:\/\/www.alvoration.com\/en\/terms-of-use\/","title":{"rendered":"Terms of use"},"content":{"rendered":"\t\t<div data-elementor-type=\"wp-page\" data-elementor-id=\"610\" class=\"elementor elementor-610\" data-elementor-post-type=\"page\">\n\t\t\t\t\t\t<section class=\"elementor-section elementor-top-section elementor-element elementor-element-2b056b7 elementor-section-boxed elementor-section-height-default elementor-section-height-default\" data-id=\"2b056b7\" data-element_type=\"section\" data-e-type=\"section\">\n\t\t\t\t\t\t<div class=\"elementor-container elementor-column-gap-default\">\n\t\t\t\t\t<div class=\"elementor-column elementor-col-100 elementor-top-column elementor-element elementor-element-bd8647e\" data-id=\"bd8647e\" data-element_type=\"column\" data-e-type=\"column\">\n\t\t\t<div class=\"elementor-widget-wrap elementor-element-populated\">\n\t\t\t\t\t\t<div class=\"elementor-element elementor-element-00934d4 elementor-widget elementor-widget-text-editor\" data-id=\"00934d4\" data-element_type=\"widget\" data-e-type=\"widget\" data-widget_type=\"text-editor.default\">\n\t\t\t\t<div class=\"elementor-widget-container\">\n\t\t\t\t\t\t\t\t\t<p><span data-contrast=\"auto\">The terms and conditions presented on this page apply to the complete website <\/span><a href=\"https:\/\/www.alvoration.com\/\"><span data-contrast=\"none\">www.alvoration.com<\/span><\/a><span data-contrast=\"auto\"> \u201cSite\u201d. This site is operated by Alvoration Oy 3331874-4, Helsinki, Finland. By entering and using the Site, you agree to the terms and conditions presented in this document. At any time, Alvoration Oy has the right to modify the Terms and Conditions. Please make sure to check this document every once in a while to notice any possible changes. Please review the terms carefully presented below:<\/span>\u00a0<br \/><span data-ccp-props=\"{}\">\u00a0<\/span><\/p><ul><li data-leveltext=\"\uf0b7\" data-font=\"Symbol\" data-listid=\"3\" data-list-defn-props=\"{&quot;335552541&quot;:1,&quot;335559684&quot;:-2,&quot;335559685&quot;:720,&quot;335559991&quot;:360,&quot;469769226&quot;:&quot;Symbol&quot;,&quot;469769242&quot;:[8226],&quot;469777803&quot;:&quot;left&quot;,&quot;469777804&quot;:&quot;\uf0b7&quot;,&quot;469777815&quot;:&quot;hybridMultilevel&quot;}\" aria-setsize=\"-1\" data-aria-posinset=\"1\" data-aria-level=\"1\"><span data-contrast=\"auto\">You may enter this site and use it only for personal and non-commercial use.<\/span><span data-ccp-props=\"{}\">\u00a0<\/span><\/li><li data-leveltext=\"\uf0b7\" data-font=\"Symbol\" data-listid=\"3\" data-list-defn-props=\"{&quot;335552541&quot;:1,&quot;335559684&quot;:-2,&quot;335559685&quot;:720,&quot;335559991&quot;:360,&quot;469769226&quot;:&quot;Symbol&quot;,&quot;469769242&quot;:[8226],&quot;469777803&quot;:&quot;left&quot;,&quot;469777804&quot;:&quot;\uf0b7&quot;,&quot;469777815&quot;:&quot;hybridMultilevel&quot;}\" aria-setsize=\"-1\" data-aria-posinset=\"2\" data-aria-level=\"1\"><span data-contrast=\"auto\">You may not copy, distribute, upload, (re)post or utilize any materials (including logos, text, images, designs, blog texts etc.) presented on this Site without the permission of the Site owner Alvoration Oy. Alvoration Oy is also considered the owner of the material unless 3<\/span><span data-contrast=\"auto\">rd<\/span><span data-contrast=\"auto\"> party material has been used with referencing.<\/span><span data-ccp-props=\"{}\">\u00a0<\/span><\/li><li data-leveltext=\"\uf0b7\" data-font=\"Symbol\" data-listid=\"3\" data-list-defn-props=\"{&quot;335552541&quot;:1,&quot;335559684&quot;:-2,&quot;335559685&quot;:720,&quot;335559991&quot;:360,&quot;469769226&quot;:&quot;Symbol&quot;,&quot;469769242&quot;:[8226],&quot;469777803&quot;:&quot;left&quot;,&quot;469777804&quot;:&quot;\uf0b7&quot;,&quot;469777815&quot;:&quot;hybridMultilevel&quot;}\" aria-setsize=\"-1\" data-aria-posinset=\"3\" data-aria-level=\"1\"><span data-contrast=\"auto\">You may not misuse the Site <\/span><span data-contrast=\"auto\">in any way, in addition this restriction i<\/span><span data-contrast=\"auto\">nclud<\/span><span data-contrast=\"auto\">es<\/span><span data-contrast=\"auto\"> hacking<\/span><span data-contrast=\"auto\">.<\/span><span data-ccp-props=\"{}\">\u00a0<\/span><\/li><\/ul><ul><li data-leveltext=\"\uf0b7\" data-font=\"Symbol\" data-listid=\"3\" data-list-defn-props=\"{&quot;335552541&quot;:1,&quot;335559684&quot;:-2,&quot;335559685&quot;:720,&quot;335559991&quot;:360,&quot;469769226&quot;:&quot;Symbol&quot;,&quot;469769242&quot;:[8226],&quot;469777803&quot;:&quot;left&quot;,&quot;469777804&quot;:&quot;\uf0b7&quot;,&quot;469777815&quot;:&quot;hybridMultilevel&quot;}\" aria-setsize=\"-1\" data-aria-posinset=\"1\" data-aria-level=\"1\"><span data-contrast=\"auto\">Alvoration Oy does not warrant that the Site or the material presented on the Site is error-free, correct, reliable or uninterrupted.<\/span><span data-ccp-props=\"{}\">\u00a0<\/span><\/li><li data-leveltext=\"\uf0b7\" data-font=\"Symbol\" data-listid=\"3\" data-list-defn-props=\"{&quot;335552541&quot;:1,&quot;335559684&quot;:-2,&quot;335559685&quot;:720,&quot;335559991&quot;:360,&quot;469769226&quot;:&quot;Symbol&quot;,&quot;469769242&quot;:[8226],&quot;469777803&quot;:&quot;left&quot;,&quot;469777804&quot;:&quot;\uf0b7&quot;,&quot;469777815&quot;:&quot;hybridMultilevel&quot;}\" aria-setsize=\"-1\" data-aria-posinset=\"2\" data-aria-level=\"1\"><span data-contrast=\"auto\">This Site contains links to third party websites, such as social media platforms YouTube, Instagram and LinkedIn. Alvoration Oy is not responsible of these third party websites or the availability and contents of them. These links are provided for your convenience and you may only use them at your own will and risk.<\/span><span data-ccp-props=\"{}\">\u00a0<\/span><\/li><li data-leveltext=\"\uf0b7\" data-font=\"Symbol\" data-listid=\"3\" data-list-defn-props=\"{&quot;335552541&quot;:1,&quot;335559684&quot;:-2,&quot;335559685&quot;:720,&quot;335559991&quot;:360,&quot;469769226&quot;:&quot;Symbol&quot;,&quot;469769242&quot;:[8226],&quot;469777803&quot;:&quot;left&quot;,&quot;469777804&quot;:&quot;\uf0b7&quot;,&quot;469777815&quot;:&quot;hybridMultilevel&quot;}\" aria-setsize=\"-1\" data-aria-posinset=\"3\" data-aria-level=\"1\"><span data-contrast=\"auto\">Suggestions and ideas given to Alvoration Oy that are communicated to the company through the Site or email, are considered to be given voluntarily, and are thus free of charge. Alvoration Oy is not liable to provide compensation, in any form, for the provided information.<\/span><span data-ccp-props=\"{}\">\u00a0<\/span><\/li><li data-leveltext=\"\uf0b7\" data-font=\"Symbol\" data-listid=\"3\" data-list-defn-props=\"{&quot;335552541&quot;:1,&quot;335559684&quot;:-2,&quot;335559685&quot;:720,&quot;335559991&quot;:360,&quot;469769226&quot;:&quot;Symbol&quot;,&quot;469769242&quot;:[8226],&quot;469777803&quot;:&quot;left&quot;,&quot;469777804&quot;:&quot;\uf0b7&quot;,&quot;469777815&quot;:&quot;hybridMultilevel&quot;}\" aria-setsize=\"-1\" data-aria-posinset=\"4\" data-aria-level=\"1\"><span data-contrast=\"auto\">These terms are construed following the laws of Finland. However, any changes are possible at any given time without notice.<\/span><span data-ccp-props=\"{}\">\u00a0<\/span><\/li><\/ul>\t\t\t\t\t\t\t\t<\/div>\n\t\t\t\t<\/div>\n\t\t\t\t\t<\/div>\n\t\t<\/div>\n\t\t\t\t\t<\/div>\n\t\t<\/section>\n\t\t\t\t<\/div>\n\t\t","protected":false},"excerpt":{"rendered":"<p>The terms and conditions presented on this page apply to the complete website www.alvoration.com \u201cSite\u201d. This site is operated by Alvoration Oy 3331874-4, Helsinki, Finland. By entering and using the Site, you agree to the terms and conditions presented in this document. At any time, Alvoration Oy has the right to modify the Terms and Conditions. Please make sure to check this document every once in a while to notice any possible changes. Please review the terms carefully presented below:&nbsp;&nbsp; You may enter this site and use it only for personal and non-commercial use.&nbsp; You may not copy, distribute, upload, (re)post or utilize any materials (including logos, text, images, designs, blog texts etc.) presented on this Site without the permission of the Site owner Alvoration Oy. Alvoration Oy is also considered the owner of the material unless 3rd party material has been used with referencing.&nbsp; You may not misuse the Site in any way, in addition this restriction includes hacking.&nbsp; Alvoration Oy does not warrant that the Site or the material presented on the Site is error-free, correct, reliable or uninterrupted.&nbsp; This Site contains links to third party websites, such as social media platforms YouTube, Instagram and LinkedIn. Alvoration Oy is not responsible of these third party websites or the availability and contents of them. These links are provided for your convenience and you may only use them at your own will and risk.&nbsp; Suggestions and ideas given to Alvoration Oy that are communicated to the company through the Site or email, are considered to be given voluntarily, and are thus free of charge. Alvoration Oy is not liable to provide compensation, in any form, for the provided information.&nbsp; These terms are construed following the laws of Finland. However, any changes are possible at any given time without notice.&nbsp;<\/p>","protected":false},"author":3,"featured_media":0,"parent":0,"menu_order":0,"comment_status":"closed","ping_status":"closed","template":"","meta":{"iawp_total_views":57,"footnotes":""},"class_list":["post-610","page","type-page","status-publish","hentry"],"yoast_head":"<!-- This site is optimized with the Yoast SEO plugin v27.2 - https:\/\/yoast.com\/product\/yoast-seo-wordpress\/ -->\n<title>K\u00e4ytt\u00f6ehdot - Alvoration<\/title>\n<meta name=\"description\" content=\"Tutustu k\u00e4ytt\u00f6ehtoihimme. Ehdot kattavat oikeudet, vastuut ja rajoitukset, jotta voit k\u00e4ytt\u00e4\u00e4 palvelujamme turvallisesti.\" \/>\n<meta name=\"robots\" content=\"index, follow, max-snippet:-1, max-image-preview:large, max-video-preview:-1\" \/>\n<link rel=\"canonical\" href=\"https:\/\/www.alvoration.com\/en\/terms-of-use\/\" \/>\n<meta property=\"og:locale\" content=\"en_US\" \/>\n<meta property=\"og:type\" content=\"article\" \/>\n<meta property=\"og:title\" content=\"K\u00e4ytt\u00f6ehdot - Alvoration\" \/>\n<meta property=\"og:description\" content=\"Tutustu k\u00e4ytt\u00f6ehtoihimme. Ehdot kattavat oikeudet, vastuut ja rajoitukset, jotta voit k\u00e4ytt\u00e4\u00e4 palvelujamme turvallisesti.\" \/>\n<meta property=\"og:url\" content=\"https:\/\/www.alvoration.com\/en\/terms-of-use\/\" \/>\n<meta property=\"og:site_name\" content=\"Alvoration\" \/>\n<meta property=\"article:publisher\" content=\"https:\/\/www.facebook.com\/people\/Alvoration\" \/>\n<meta property=\"article:modified_time\" content=\"2025-07-19T14:33:31+00:00\" \/>\n<meta property=\"og:image\" content=\"https:\/\/www.alvoration.com\/wp-content\/uploads\/2022\/12\/android-chrome-512x512-1.webp\" \/>\n\t<meta property=\"og:image:width\" content=\"512\" \/>\n\t<meta property=\"og:image:height\" content=\"512\" \/>\n\t<meta property=\"og:image:type\" content=\"image\/webp\" \/>\n<meta name=\"twitter:card\" content=\"summary_large_image\" \/>\n<meta name=\"twitter:label1\" content=\"Est. reading time\" \/>\n\t<meta name=\"twitter:data1\" content=\"2 minutes\" \/>\n<script type=\"application\/ld+json\" class=\"yoast-schema-graph\">{\"@context\":\"https:\/\/schema.org\",\"@graph\":[{\"@type\":\"WebPage\",\"@id\":\"https:\/\/www.alvoration.com\/terms-of-use\/\",\"url\":\"https:\/\/www.alvoration.com\/terms-of-use\/\",\"name\":\"K\u00e4ytt\u00f6ehdot - Alvoration\",\"isPartOf\":{\"@id\":\"https:\/\/www.alvoration.com\/en\/#website\"},\"datePublished\":\"2023-01-07T12:24:49+00:00\",\"dateModified\":\"2025-07-19T14:33:31+00:00\",\"description\":\"Tutustu k\u00e4ytt\u00f6ehtoihimme. Ehdot kattavat oikeudet, vastuut ja rajoitukset, jotta voit k\u00e4ytt\u00e4\u00e4 palvelujamme turvallisesti.\",\"breadcrumb\":{\"@id\":\"https:\/\/www.alvoration.com\/terms-of-use\/#breadcrumb\"},\"inLanguage\":\"en-US\",\"potentialAction\":[{\"@type\":\"ReadAction\",\"target\":[\"https:\/\/www.alvoration.com\/terms-of-use\/\"]}]},{\"@type\":\"BreadcrumbList\",\"@id\":\"https:\/\/www.alvoration.com\/terms-of-use\/#breadcrumb\",\"itemListElement\":[{\"@type\":\"ListItem\",\"position\":1,\"name\":\"Etusivu\",\"item\":\"https:\/\/www.alvoration.com\/\"},{\"@type\":\"ListItem\",\"position\":2,\"name\":\"Terms of use\"}]},{\"@type\":\"WebSite\",\"@id\":\"https:\/\/www.alvoration.com\/en\/#website\",\"url\":\"https:\/\/www.alvoration.com\/en\/\",\"name\":\"Alvoration\",\"description\":\"Automatisoi prosessisi | RPA &amp; AI\",\"publisher\":{\"@id\":\"https:\/\/www.alvoration.com\/en\/#organization\"},\"potentialAction\":[{\"@type\":\"SearchAction\",\"target\":{\"@type\":\"EntryPoint\",\"urlTemplate\":\"https:\/\/www.alvoration.com\/en\/?s={search_term_string}\"},\"query-input\":{\"@type\":\"PropertyValueSpecification\",\"valueRequired\":true,\"valueName\":\"search_term_string\"}}],\"inLanguage\":\"en-US\"},{\"@type\":\"Organization\",\"@id\":\"https:\/\/www.alvoration.com\/en\/#organization\",\"name\":\"Alvoration\",\"url\":\"https:\/\/www.alvoration.com\/en\/\",\"logo\":{\"@type\":\"ImageObject\",\"inLanguage\":\"en-US\",\"@id\":\"https:\/\/www.alvoration.com\/en\/#\/schema\/logo\/image\/\",\"url\":\"https:\/\/www.alvoration.com\/wp-content\/uploads\/2022\/12\/android-chrome-512x512-1.webp\",\"contentUrl\":\"https:\/\/www.alvoration.com\/wp-content\/uploads\/2022\/12\/android-chrome-512x512-1.webp\",\"width\":512,\"height\":512,\"caption\":\"Alvoration\"},\"image\":{\"@id\":\"https:\/\/www.alvoration.com\/en\/#\/schema\/logo\/image\/\"},\"sameAs\":[\"https:\/\/www.facebook.com\/people\/Alvoration\",\"https:\/\/www.linkedin.com\/company\/alvoration\",\"https:\/\/www.youtube.com\/@alvorationoy\"]}]}<\/script>\n<!-- \/ Yoast SEO plugin. -->","yoast_head_json":{"title":"K\u00e4ytt\u00f6ehdot - Alvoration","description":"Tutustu k\u00e4ytt\u00f6ehtoihimme. Ehdot kattavat oikeudet, vastuut ja rajoitukset, jotta voit k\u00e4ytt\u00e4\u00e4 palvelujamme turvallisesti.","robots":{"index":"index","follow":"follow","max-snippet":"max-snippet:-1","max-image-preview":"max-image-preview:large","max-video-preview":"max-video-preview:-1"},"canonical":"https:\/\/www.alvoration.com\/en\/terms-of-use\/","og_locale":"en_US","og_type":"article","og_title":"K\u00e4ytt\u00f6ehdot - Alvoration","og_description":"Tutustu k\u00e4ytt\u00f6ehtoihimme. Ehdot kattavat oikeudet, vastuut ja rajoitukset, jotta voit k\u00e4ytt\u00e4\u00e4 palvelujamme turvallisesti.","og_url":"https:\/\/www.alvoration.com\/en\/terms-of-use\/","og_site_name":"Alvoration","article_publisher":"https:\/\/www.facebook.com\/people\/Alvoration","article_modified_time":"2025-07-19T14:33:31+00:00","og_image":[{"width":512,"height":512,"url":"https:\/\/www.alvoration.com\/wp-content\/uploads\/2022\/12\/android-chrome-512x512-1.webp","type":"image\/webp"}],"twitter_card":"summary_large_image","twitter_misc":{"Est. reading time":"2 minutes"},"schema":{"@context":"https:\/\/schema.org","@graph":[{"@type":"WebPage","@id":"https:\/\/www.alvoration.com\/terms-of-use\/","url":"https:\/\/www.alvoration.com\/terms-of-use\/","name":"K\u00e4ytt\u00f6ehdot - Alvoration","isPartOf":{"@id":"https:\/\/www.alvoration.com\/en\/#website"},"datePublished":"2023-01-07T12:24:49+00:00","dateModified":"2025-07-19T14:33:31+00:00","description":"Tutustu k\u00e4ytt\u00f6ehtoihimme. Ehdot kattavat oikeudet, vastuut ja rajoitukset, jotta voit k\u00e4ytt\u00e4\u00e4 palvelujamme turvallisesti.","breadcrumb":{"@id":"https:\/\/www.alvoration.com\/terms-of-use\/#breadcrumb"},"inLanguage":"en-US","potentialAction":[{"@type":"ReadAction","target":["https:\/\/www.alvoration.com\/terms-of-use\/"]}]},{"@type":"BreadcrumbList","@id":"https:\/\/www.alvoration.com\/terms-of-use\/#breadcrumb","itemListElement":[{"@type":"ListItem","position":1,"name":"Etusivu","item":"https:\/\/www.alvoration.com\/"},{"@type":"ListItem","position":2,"name":"Terms of use"}]},{"@type":"WebSite","@id":"https:\/\/www.alvoration.com\/en\/#website","url":"https:\/\/www.alvoration.com\/en\/","name":"Alvoration","description":"Automatisoi prosessisi | RPA &amp; AI","publisher":{"@id":"https:\/\/www.alvoration.com\/en\/#organization"},"potentialAction":[{"@type":"SearchAction","target":{"@type":"EntryPoint","urlTemplate":"https:\/\/www.alvoration.com\/en\/?s={search_term_string}"},"query-input":{"@type":"PropertyValueSpecification","valueRequired":true,"valueName":"search_term_string"}}],"inLanguage":"en-US"},{"@type":"Organization","@id":"https:\/\/www.alvoration.com\/en\/#organization","name":"Alvoration","url":"https:\/\/www.alvoration.com\/en\/","logo":{"@type":"ImageObject","inLanguage":"en-US","@id":"https:\/\/www.alvoration.com\/en\/#\/schema\/logo\/image\/","url":"https:\/\/www.alvoration.com\/wp-content\/uploads\/2022\/12\/android-chrome-512x512-1.webp","contentUrl":"https:\/\/www.alvoration.com\/wp-content\/uploads\/2022\/12\/android-chrome-512x512-1.webp","width":512,"height":512,"caption":"Alvoration"},"image":{"@id":"https:\/\/www.alvoration.com\/en\/#\/schema\/logo\/image\/"},"sameAs":["https:\/\/www.facebook.com\/people\/Alvoration","https:\/\/www.linkedin.com\/company\/alvoration","https:\/\/www.youtube.com\/@alvorationoy"]}]}},"_links":{"self":[{"href":"https:\/\/www.alvoration.com\/en\/wp-json\/wp\/v2\/pages\/610","targetHints":{"allow":["GET"]}}],"collection":[{"href":"https:\/\/www.alvoration.com\/en\/wp-json\/wp\/v2\/pages"}],"about":[{"href":"https:\/\/www.alvoration.com\/en\/wp-json\/wp\/v2\/types\/page"}],"author":[{"embeddable":true,"href":"https:\/\/www.alvoration.com\/en\/wp-json\/wp\/v2\/users\/3"}],"replies":[{"embeddable":true,"href":"https:\/\/www.alvoration.com\/en\/wp-json\/wp\/v2\/comments?post=610"}],"version-history":[{"count":1,"href":"https:\/\/www.alvoration.com\/en\/wp-json\/wp\/v2\/pages\/610\/revisions"}],"predecessor-version":[{"id":7353,"href":"https:\/\/www.alvoration.com\/en\/wp-json\/wp\/v2\/pages\/610\/revisions\/7353"}],"wp:attachment":[{"href":"https:\/\/www.alvoration.com\/en\/wp-json\/wp\/v2\/media?parent=610"}],"curies":[{"name":"wp","href":"https:\/\/api.w.org\/{rel}","templated":true}]}}