{"id":7882,"date":"2025-08-08T12:32:40","date_gmt":"2025-08-08T10:32:40","guid":{"rendered":"https:\/\/www.alvoration.com\/?page_id=7882"},"modified":"2025-08-08T12:38:14","modified_gmt":"2025-08-08T10:38:14","slug":"kayttoehdot","status":"publish","type":"page","link":"https:\/\/www.alvoration.com\/en\/kayttoehdot\/","title":{"rendered":"Terms of Use"},"content":{"rendered":"<div data-elementor-type=\"wp-page\" data-elementor-id=\"7882\" class=\"elementor elementor-7882\" data-elementor-post-type=\"page\">\n\t\t\t\t<div class=\"elementor-element elementor-element-53a28a2 e-flex e-con-boxed wpr-equal-height-no e-con e-parent\" data-id=\"53a28a2\" data-element_type=\"container\" data-e-type=\"container\" data-settings=\"{&quot;background_background&quot;:&quot;classic&quot;}\">\n\t\t\t\t\t<div class=\"e-con-inner\">\n\t\t\t\t<div class=\"elementor-element elementor-element-37eb1c7 elementor-widget elementor-widget-heading\" data-id=\"37eb1c7\" data-element_type=\"widget\" data-e-type=\"widget\" data-widget_type=\"heading.default\">\n\t\t\t\t<div class=\"elementor-widget-container\">\n\t\t\t\t\t<h2 class=\"elementor-heading-title elementor-size-default\">Terms of Use<\/h2>\t\t\t\t<\/div>\n\t\t\t\t<\/div>\n\t\t\t\t<div class=\"elementor-element elementor-element-6866e93 elementor-widget elementor-widget-text-editor\" data-id=\"6866e93\" data-element_type=\"widget\" data-e-type=\"widget\" data-widget_type=\"text-editor.default\">\n\t\t\t\t<div class=\"elementor-widget-container\">\n\t\t\t\t\t\t\t\t\t<p>Updated on August 2025<\/p>\t\t\t\t\t\t\t\t<\/div>\n\t\t\t\t<\/div>\n\t\t\t\t<div class=\"elementor-element elementor-element-e7c2f88 elementor-widget elementor-widget-text-editor\" data-id=\"e7c2f88\" data-element_type=\"widget\" data-e-type=\"widget\" data-widget_type=\"text-editor.default\">\n\t\t\t\t<div class=\"elementor-widget-container\">\n\t\t\t\t\t\t\t\t\t<p>Welcome to Alvoration Oy's website. By using this site, you agree to the following terms of use. If you do not accept the terms, we kindly ask you not to use the site.<\/p>\t\t\t\t\t\t\t\t<\/div>\n\t\t\t\t<\/div>\n\t\t\t\t<div class=\"elementor-element elementor-element-efdc3c1 elementor-widget elementor-widget-heading\" data-id=\"efdc3c1\" data-element_type=\"widget\" data-e-type=\"widget\" data-widget_type=\"heading.default\">\n\t\t\t\t<div class=\"elementor-widget-container\">\n\t\t\t\t\t<h3 class=\"elementor-heading-title elementor-size-default\">1. Right to Use the Website<\/h3>\t\t\t\t<\/div>\n\t\t\t\t<\/div>\n\t\t\t\t<div class=\"elementor-element elementor-element-0373371 elementor-widget elementor-widget-text-editor\" data-id=\"0373371\" data-element_type=\"widget\" data-e-type=\"widget\" data-widget_type=\"text-editor.default\">\n\t\t\t\t<div class=\"elementor-widget-container\">\n\t\t\t\t\t\t\t\t\t<p>The content of the website is intended for informational purposes. Alvoration Oy grants the user a limited, non-exclusive right to use the site for personal and non-commercial purposes.<\/p>\t\t\t\t\t\t\t\t<\/div>\n\t\t\t\t<\/div>\n\t\t\t\t<div class=\"elementor-element elementor-element-4b5b5aa elementor-widget elementor-widget-heading\" data-id=\"4b5b5aa\" data-element_type=\"widget\" data-e-type=\"widget\" data-widget_type=\"heading.default\">\n\t\t\t\t<div class=\"elementor-widget-container\">\n\t\t\t\t\t<h3 class=\"elementor-heading-title elementor-size-default\">2. Intellectual Property Rights<\/h3>\t\t\t\t<\/div>\n\t\t\t\t<\/div>\n\t\t\t\t<div class=\"elementor-element elementor-element-b007b2d elementor-widget elementor-widget-text-editor\" data-id=\"b007b2d\" data-element_type=\"widget\" data-e-type=\"widget\" data-widget_type=\"text-editor.default\">\n\t\t\t\t<div class=\"elementor-widget-container\">\n\t\t\t\t\t\t\t\t\t<p>The content and visual material on the website are the property of Alvoration or its partners and are protected by copyright law, unless otherwise stated.<\/p>\t\t\t\t\t\t\t\t<\/div>\n\t\t\t\t<\/div>\n\t\t\t\t<div class=\"elementor-element elementor-element-cada16b elementor-widget elementor-widget-heading\" data-id=\"cada16b\" data-element_type=\"widget\" data-e-type=\"widget\" data-widget_type=\"heading.default\">\n\t\t\t\t<div class=\"elementor-widget-container\">\n\t\t\t\t\t<h3 class=\"elementor-heading-title elementor-size-default\">3. Limitation of Liability<\/h3>\t\t\t\t<\/div>\n\t\t\t\t<\/div>\n\t\t\t\t<div class=\"elementor-element elementor-element-6387860 elementor-widget elementor-widget-text-editor\" data-id=\"6387860\" data-element_type=\"widget\" data-e-type=\"widget\" data-widget_type=\"text-editor.default\">\n\t\t\t\t<div class=\"elementor-widget-container\">\n\t\t\t\t\t\t\t\t\t<p>Alvoration Oy is not responsible for the accuracy, timeliness, or availability of the website's content. Use of the site is at the user's own risk. Alvoration is not liable for any damages resulting from the use of the site or its unavailability.<\/p>\t\t\t\t\t\t\t\t<\/div>\n\t\t\t\t<\/div>\n\t\t\t\t<div class=\"elementor-element elementor-element-519574e elementor-widget elementor-widget-heading\" data-id=\"519574e\" data-element_type=\"widget\" data-e-type=\"widget\" data-widget_type=\"heading.default\">\n\t\t\t\t<div class=\"elementor-widget-container\">\n\t\t\t\t\t<h3 class=\"elementor-heading-title elementor-size-default\">4. Links to Third-Party Websites<\/h3>\t\t\t\t<\/div>\n\t\t\t\t<\/div>\n\t\t\t\t<div class=\"elementor-element elementor-element-044f643 elementor-widget elementor-widget-text-editor\" data-id=\"044f643\" data-element_type=\"widget\" data-e-type=\"widget\" data-widget_type=\"text-editor.default\">\n\t\t\t\t<div class=\"elementor-widget-container\">\n\t\t\t\t\t\t\t\t\t<p>The website may contain links to external websites. Alvoration Oy is not responsible for the content or privacy practices of these sites.<\/p>\t\t\t\t\t\t\t\t<\/div>\n\t\t\t\t<\/div>\n\t\t\t\t<div class=\"elementor-element elementor-element-06f58fa elementor-widget elementor-widget-heading\" data-id=\"06f58fa\" data-element_type=\"widget\" data-e-type=\"widget\" data-widget_type=\"heading.default\">\n\t\t\t\t<div class=\"elementor-widget-container\">\n\t\t\t\t\t<h3 class=\"elementor-heading-title elementor-size-default\">5. User Responsibilities<\/h3>\t\t\t\t<\/div>\n\t\t\t\t<\/div>\n\t\t\t\t<div class=\"elementor-element elementor-element-225a7c2 elementor-widget elementor-widget-text-editor\" data-id=\"225a7c2\" data-element_type=\"widget\" data-e-type=\"widget\" data-widget_type=\"text-editor.default\">\n\t\t\t\t<div class=\"elementor-widget-container\">\n\t\t\t\t\t\t\t\t\t<p>The user agrees to use the website in accordance with the law and good practice. Any use of the site that disrupts its operation, compromises data security, or violates the terms of use is prohibited.<\/p>\t\t\t\t\t\t\t\t<\/div>\n\t\t\t\t<\/div>\n\t\t\t\t<div class=\"elementor-element elementor-element-9e2bc0e elementor-widget elementor-widget-heading\" data-id=\"9e2bc0e\" data-element_type=\"widget\" data-e-type=\"widget\" data-widget_type=\"heading.default\">\n\t\t\t\t<div class=\"elementor-widget-container\">\n\t\t\t\t\t<h3 class=\"elementor-heading-title elementor-size-default\">\n6. Privacy and Cookies<\/h3>\t\t\t\t<\/div>\n\t\t\t\t<\/div>\n\t\t\t\t<div class=\"elementor-element elementor-element-6fae561 elementor-widget elementor-widget-text-editor\" data-id=\"6fae561\" data-element_type=\"widget\" data-e-type=\"widget\" data-widget_type=\"text-editor.default\">\n\t\t\t\t<div class=\"elementor-widget-container\">\n\t\t\t\t\t\t\t\t\t<p class=\"translation-block\">The use of the website is governed by the\u00a0<a class=\"fui-Link ___w5et180 f2hkw1w f3rmtva f1ewtqcl fyind8e f1k6fduh f1w7gpdv f1mo0ibp fjoy568 ff5ikls f1s184ao f1mk8lai fnbmjn9 f1o700av f13mvf36 f1cmlufx f9n3di6 f1ids18y f1tx3yz7 f1deo86v f1eh06m1 f1iescvh fhgqx19 f1olyrje f1p93eir f1nev41a\" href=\"https:\/\/www.alvoration.com\/en\/tietosuojaseloste\/\" target=\"_blank\" rel=\"noopener\">Privacy Statement and Cookie Policy<\/a>, which describe the processing of personal data and the use of cookies.<\/p>\t\t\t\t\t\t\t\t<\/div>\n\t\t\t\t<\/div>\n\t\t\t\t<div class=\"elementor-element elementor-element-21504c8 elementor-widget elementor-widget-heading\" data-id=\"21504c8\" data-element_type=\"widget\" data-e-type=\"widget\" data-widget_type=\"heading.default\">\n\t\t\t\t<div class=\"elementor-widget-container\">\n\t\t\t\t\t<h3 class=\"elementor-heading-title elementor-size-default\">7. Changes to the Terms of Use<\/h3>\t\t\t\t<\/div>\n\t\t\t\t<\/div>\n\t\t\t\t<div class=\"elementor-element elementor-element-840a7b0 elementor-widget elementor-widget-text-editor\" data-id=\"840a7b0\" data-element_type=\"widget\" data-e-type=\"widget\" data-widget_type=\"text-editor.default\">\n\t\t\t\t<div class=\"elementor-widget-container\">\n\t\t\t\t\t\t\t\t\t<p>Alvoration Oy reserves the right to change the terms of use without prior notice. It is the user's responsibility to review the terms regularly.<\/p>\t\t\t\t\t\t\t\t<\/div>\n\t\t\t\t<\/div>\n\t\t\t\t<div class=\"elementor-element elementor-element-831494e elementor-widget elementor-widget-heading\" data-id=\"831494e\" data-element_type=\"widget\" data-e-type=\"widget\" data-widget_type=\"heading.default\">\n\t\t\t\t<div class=\"elementor-widget-container\">\n\t\t\t\t\t<h3 class=\"elementor-heading-title elementor-size-default\">8. Governing Law and Dispute Resolution<\/h3>\t\t\t\t<\/div>\n\t\t\t\t<\/div>\n\t\t\t\t<div class=\"elementor-element elementor-element-014c489 elementor-widget elementor-widget-text-editor\" data-id=\"014c489\" data-element_type=\"widget\" data-e-type=\"widget\" data-widget_type=\"text-editor.default\">\n\t\t\t\t<div class=\"elementor-widget-container\">\n\t\t\t\t\t\t\t\t\t<p>These terms of use are governed by Finnish law. Any disputes will primarily be resolved through negotiation. If that is not possible, disputes will be settled in the District Court of Helsinki.<\/p>\t\t\t\t\t\t\t\t<\/div>\n\t\t\t\t<\/div>\n\t\t\t\t\t<\/div>\n\t\t\t\t<\/div>\n\t\t\t\t<\/div>","protected":false},"excerpt":{"rendered":"<p>K\u00e4ytt\u00f6ehdot P\u00e4ivitetty elokuussa 2025 Tervetuloa Alvoration Oy:n verkkosivustolle. K\u00e4ytt\u00e4m\u00e4ll\u00e4 t\u00e4t\u00e4 sivustoa hyv\u00e4ksyt seuraavat k\u00e4ytt\u00f6ehdot. Mik\u00e4li et hyv\u00e4ksy ehtoja, pyyd\u00e4mme olemaan k\u00e4ytt\u00e4m\u00e4tt\u00e4 sivustoa. 1. Sivuston k\u00e4ytt\u00f6oikeus Sivuston sis\u00e4lt\u00f6 on tarkoitettu informatiivisiin tarkoituksiin. Alvoration Oy my\u00f6nt\u00e4\u00e4 k\u00e4ytt\u00e4j\u00e4lle rajoitetun, ei-yksinomaisen oikeuden k\u00e4ytt\u00e4\u00e4 sivustoa henkil\u00f6kohtaiseen ja ei-kaupalliseen k\u00e4ytt\u00f6\u00f6n. 2. Immateriaalioikeudet Sivuston sis\u00e4lt\u00f6 ja kuvamateriaali ovat Alvorationin tai sen yhteisty\u00f6kumppanien omaisuutta ja tekij\u00e4noikeuslain suojaamia, ellei toisin ole ilmoitettu. 3. Vastuunrajoitus Alvoration Oy ei vastaa sivuston sis\u00e4ll\u00f6n oikeellisuudesta, ajantasaisuudesta tai saatavuudesta. Sivuston k\u00e4ytt\u00f6 tapahtuu k\u00e4ytt\u00e4j\u00e4n omalla vastuulla. Alvoration ei vastaa mahdollisista vahingoista, jotka aiheutuvat sivuston k\u00e4yt\u00f6st\u00e4 tai sen toimimattomuudesta. 4. Linkit kolmansien osapuolten sivustoihin Sivustolla voi olla linkkej\u00e4 ulkopuolisiin verkkosivustoihin. Alvoration Oy ei vastaa n\u00e4iden sivustojen sis\u00e4ll\u00f6st\u00e4 tai tietosuojak\u00e4yt\u00e4nn\u00f6ist\u00e4. 5. K\u00e4ytt\u00e4j\u00e4n velvollisuudet K\u00e4ytt\u00e4j\u00e4 sitoutuu k\u00e4ytt\u00e4m\u00e4\u00e4n sivustoa lain ja hyv\u00e4n tavan mukaisesti. Sivuston k\u00e4ytt\u00f6, joka h\u00e4iritsee sen toimintaa, vaarantaa tietoturvaa tai rikkoo k\u00e4ytt\u00f6ehtoja, on kielletty. 6. Tietosuoja ja ev\u00e4steet Sivuston k\u00e4ytt\u00f6\u00f6n sovelletaan\u00a0Tietosuojaselostetta ja ev\u00e4stek\u00e4yt\u00e4nt\u00f6\u00e4, jossa kuvataan henkil\u00f6tietojen k\u00e4sittely ja ev\u00e4steiden k\u00e4ytt\u00f6. 7. Muutokset k\u00e4ytt\u00f6ehtoihin Alvoration Oy pid\u00e4tt\u00e4\u00e4 oikeuden muuttaa k\u00e4ytt\u00f6ehtoja ilman erillist\u00e4 ilmoitusta. K\u00e4ytt\u00e4j\u00e4n vastuulla on tarkistaa ehdot s\u00e4\u00e4nn\u00f6llisesti. 8. Sovellettava laki ja riidanratkaisu N\u00e4ihin k\u00e4ytt\u00f6ehtoihin sovelletaan Suomen lakia. Mahdolliset erimielisyydet pyrit\u00e4\u00e4n ensisijaisesti ratkaisemaan neuvotteluteitse. Mik\u00e4li se ei ole mahdollista, riidat ratkaistaan Helsingin k\u00e4r\u00e4j\u00e4oikeudessa.<\/p>","protected":false},"author":1,"featured_media":0,"parent":0,"menu_order":0,"comment_status":"closed","ping_status":"closed","template":"","meta":{"iawp_total_views":19,"footnotes":""},"class_list":["post-7882","page","type-page","status-publish","hentry"],"yoast_head":"<!-- This site is optimized with the Yoast SEO plugin v27.5 - https:\/\/yoast.com\/product\/yoast-seo-wordpress\/ -->\n<title>K\u00e4ytt\u00f6ehdot - Alvoration<\/title>\n<meta name=\"robots\" content=\"index, follow, max-snippet:-1, max-image-preview:large, max-video-preview:-1\" \/>\n<link rel=\"canonical\" href=\"https:\/\/www.alvoration.com\/en\/kayttoehdot\/\" \/>\n<meta property=\"og:locale\" content=\"en_US\" \/>\n<meta property=\"og:type\" content=\"article\" \/>\n<meta property=\"og:title\" content=\"K\u00e4ytt\u00f6ehdot - Alvoration\" \/>\n<meta property=\"og:description\" content=\"K\u00e4ytt\u00f6ehdot P\u00e4ivitetty elokuussa 2025 Tervetuloa Alvoration Oy:n verkkosivustolle. K\u00e4ytt\u00e4m\u00e4ll\u00e4 t\u00e4t\u00e4 sivustoa hyv\u00e4ksyt seuraavat k\u00e4ytt\u00f6ehdot. Mik\u00e4li et hyv\u00e4ksy ehtoja, pyyd\u00e4mme olemaan k\u00e4ytt\u00e4m\u00e4tt\u00e4 sivustoa. 1. Sivuston k\u00e4ytt\u00f6oikeus Sivuston sis\u00e4lt\u00f6 on tarkoitettu informatiivisiin tarkoituksiin. Alvoration Oy my\u00f6nt\u00e4\u00e4 k\u00e4ytt\u00e4j\u00e4lle rajoitetun, ei-yksinomaisen oikeuden k\u00e4ytt\u00e4\u00e4 sivustoa henkil\u00f6kohtaiseen ja ei-kaupalliseen k\u00e4ytt\u00f6\u00f6n. 2. Immateriaalioikeudet Sivuston sis\u00e4lt\u00f6 ja kuvamateriaali ovat Alvorationin tai sen yhteisty\u00f6kumppanien omaisuutta ja tekij\u00e4noikeuslain suojaamia, ellei toisin ole ilmoitettu. 3. Vastuunrajoitus Alvoration Oy ei vastaa sivuston sis\u00e4ll\u00f6n oikeellisuudesta, ajantasaisuudesta tai saatavuudesta. Sivuston k\u00e4ytt\u00f6 tapahtuu k\u00e4ytt\u00e4j\u00e4n omalla vastuulla. Alvoration ei vastaa mahdollisista vahingoista, jotka aiheutuvat sivuston k\u00e4yt\u00f6st\u00e4 tai sen toimimattomuudesta. 4. Linkit kolmansien osapuolten sivustoihin Sivustolla voi olla linkkej\u00e4 ulkopuolisiin verkkosivustoihin. Alvoration Oy ei vastaa n\u00e4iden sivustojen sis\u00e4ll\u00f6st\u00e4 tai tietosuojak\u00e4yt\u00e4nn\u00f6ist\u00e4. 5. K\u00e4ytt\u00e4j\u00e4n velvollisuudet K\u00e4ytt\u00e4j\u00e4 sitoutuu k\u00e4ytt\u00e4m\u00e4\u00e4n sivustoa lain ja hyv\u00e4n tavan mukaisesti. Sivuston k\u00e4ytt\u00f6, joka h\u00e4iritsee sen toimintaa, vaarantaa tietoturvaa tai rikkoo k\u00e4ytt\u00f6ehtoja, on kielletty. 6. Tietosuoja ja ev\u00e4steet Sivuston k\u00e4ytt\u00f6\u00f6n sovelletaan\u00a0Tietosuojaselostetta ja ev\u00e4stek\u00e4yt\u00e4nt\u00f6\u00e4, jossa kuvataan henkil\u00f6tietojen k\u00e4sittely ja ev\u00e4steiden k\u00e4ytt\u00f6. 7. Muutokset k\u00e4ytt\u00f6ehtoihin Alvoration Oy pid\u00e4tt\u00e4\u00e4 oikeuden muuttaa k\u00e4ytt\u00f6ehtoja ilman erillist\u00e4 ilmoitusta. K\u00e4ytt\u00e4j\u00e4n vastuulla on tarkistaa ehdot s\u00e4\u00e4nn\u00f6llisesti. 8. Sovellettava laki ja riidanratkaisu N\u00e4ihin k\u00e4ytt\u00f6ehtoihin sovelletaan Suomen lakia. Mahdolliset erimielisyydet pyrit\u00e4\u00e4n ensisijaisesti ratkaisemaan neuvotteluteitse. Mik\u00e4li se ei ole mahdollista, riidat ratkaistaan Helsingin k\u00e4r\u00e4j\u00e4oikeudessa.\" \/>\n<meta property=\"og:url\" content=\"https:\/\/www.alvoration.com\/en\/kayttoehdot\/\" \/>\n<meta property=\"og:site_name\" content=\"Alvoration\" \/>\n<meta property=\"article:publisher\" content=\"https:\/\/www.facebook.com\/people\/Alvoration\" \/>\n<meta property=\"article:modified_time\" content=\"2025-08-08T10:38:14+00:00\" \/>\n<meta property=\"og:image\" content=\"https:\/\/www.alvoration.com\/wp-content\/uploads\/2022\/12\/android-chrome-512x512-1.webp\" \/>\n\t<meta property=\"og:image:width\" content=\"512\" \/>\n\t<meta property=\"og:image:height\" content=\"512\" \/>\n\t<meta property=\"og:image:type\" content=\"image\/webp\" \/>\n<meta name=\"twitter:card\" content=\"summary_large_image\" \/>\n<meta name=\"twitter:label1\" content=\"Est. reading time\" \/>\n\t<meta name=\"twitter:data1\" content=\"1 minute\" \/>\n<script type=\"application\/ld+json\" class=\"yoast-schema-graph\">{\"@context\":\"https:\\\/\\\/schema.org\",\"@graph\":[{\"@type\":\"WebPage\",\"@id\":\"https:\\\/\\\/www.alvoration.com\\\/kayttoehdot\\\/\",\"url\":\"https:\\\/\\\/www.alvoration.com\\\/kayttoehdot\\\/\",\"name\":\"K\u00e4ytt\u00f6ehdot - Alvoration\",\"isPartOf\":{\"@id\":\"https:\\\/\\\/www.alvoration.com\\\/en\\\/#website\"},\"datePublished\":\"2025-08-08T10:32:40+00:00\",\"dateModified\":\"2025-08-08T10:38:14+00:00\",\"breadcrumb\":{\"@id\":\"https:\\\/\\\/www.alvoration.com\\\/kayttoehdot\\\/#breadcrumb\"},\"inLanguage\":\"en-US\",\"potentialAction\":[{\"@type\":\"ReadAction\",\"target\":[\"https:\\\/\\\/www.alvoration.com\\\/kayttoehdot\\\/\"]}]},{\"@type\":\"BreadcrumbList\",\"@id\":\"https:\\\/\\\/www.alvoration.com\\\/kayttoehdot\\\/#breadcrumb\",\"itemListElement\":[{\"@type\":\"ListItem\",\"position\":1,\"name\":\"Etusivu\",\"item\":\"https:\\\/\\\/www.alvoration.com\\\/\"},{\"@type\":\"ListItem\",\"position\":2,\"name\":\"K\u00e4ytt\u00f6ehdot\"}]},{\"@type\":\"WebSite\",\"@id\":\"https:\\\/\\\/www.alvoration.com\\\/en\\\/#website\",\"url\":\"https:\\\/\\\/www.alvoration.com\\\/en\\\/\",\"name\":\"Alvoration\",\"description\":\"Automatisoi prosessisi | RPA &amp; AI\",\"publisher\":{\"@id\":\"https:\\\/\\\/www.alvoration.com\\\/en\\\/#organization\"},\"potentialAction\":[{\"@type\":\"SearchAction\",\"target\":{\"@type\":\"EntryPoint\",\"urlTemplate\":\"https:\\\/\\\/www.alvoration.com\\\/en\\\/?s={search_term_string}\"},\"query-input\":{\"@type\":\"PropertyValueSpecification\",\"valueRequired\":true,\"valueName\":\"search_term_string\"}}],\"inLanguage\":\"en-US\"},{\"@type\":\"Organization\",\"@id\":\"https:\\\/\\\/www.alvoration.com\\\/en\\\/#organization\",\"name\":\"Alvoration\",\"url\":\"https:\\\/\\\/www.alvoration.com\\\/en\\\/\",\"logo\":{\"@type\":\"ImageObject\",\"inLanguage\":\"en-US\",\"@id\":\"https:\\\/\\\/www.alvoration.com\\\/en\\\/#\\\/schema\\\/logo\\\/image\\\/\",\"url\":\"https:\\\/\\\/www.alvoration.com\\\/wp-content\\\/uploads\\\/2022\\\/12\\\/android-chrome-512x512-1.webp\",\"contentUrl\":\"https:\\\/\\\/www.alvoration.com\\\/wp-content\\\/uploads\\\/2022\\\/12\\\/android-chrome-512x512-1.webp\",\"width\":512,\"height\":512,\"caption\":\"Alvoration\"},\"image\":{\"@id\":\"https:\\\/\\\/www.alvoration.com\\\/en\\\/#\\\/schema\\\/logo\\\/image\\\/\"},\"sameAs\":[\"https:\\\/\\\/www.facebook.com\\\/people\\\/Alvoration\",\"https:\\\/\\\/www.linkedin.com\\\/company\\\/alvoration\",\"https:\\\/\\\/www.youtube.com\\\/@alvorationoy\"]}]}<\/script>\n<!-- \/ Yoast SEO plugin. -->","yoast_head_json":{"title":"K\u00e4ytt\u00f6ehdot - Alvoration","robots":{"index":"index","follow":"follow","max-snippet":"max-snippet:-1","max-image-preview":"max-image-preview:large","max-video-preview":"max-video-preview:-1"},"canonical":"https:\/\/www.alvoration.com\/en\/kayttoehdot\/","og_locale":"en_US","og_type":"article","og_title":"K\u00e4ytt\u00f6ehdot - Alvoration","og_description":"K\u00e4ytt\u00f6ehdot P\u00e4ivitetty elokuussa 2025 Tervetuloa Alvoration Oy:n verkkosivustolle. K\u00e4ytt\u00e4m\u00e4ll\u00e4 t\u00e4t\u00e4 sivustoa hyv\u00e4ksyt seuraavat k\u00e4ytt\u00f6ehdot. Mik\u00e4li et hyv\u00e4ksy ehtoja, pyyd\u00e4mme olemaan k\u00e4ytt\u00e4m\u00e4tt\u00e4 sivustoa. 1. Sivuston k\u00e4ytt\u00f6oikeus Sivuston sis\u00e4lt\u00f6 on tarkoitettu informatiivisiin tarkoituksiin. Alvoration Oy my\u00f6nt\u00e4\u00e4 k\u00e4ytt\u00e4j\u00e4lle rajoitetun, ei-yksinomaisen oikeuden k\u00e4ytt\u00e4\u00e4 sivustoa henkil\u00f6kohtaiseen ja ei-kaupalliseen k\u00e4ytt\u00f6\u00f6n. 2. Immateriaalioikeudet Sivuston sis\u00e4lt\u00f6 ja kuvamateriaali ovat Alvorationin tai sen yhteisty\u00f6kumppanien omaisuutta ja tekij\u00e4noikeuslain suojaamia, ellei toisin ole ilmoitettu. 3. Vastuunrajoitus Alvoration Oy ei vastaa sivuston sis\u00e4ll\u00f6n oikeellisuudesta, ajantasaisuudesta tai saatavuudesta. Sivuston k\u00e4ytt\u00f6 tapahtuu k\u00e4ytt\u00e4j\u00e4n omalla vastuulla. Alvoration ei vastaa mahdollisista vahingoista, jotka aiheutuvat sivuston k\u00e4yt\u00f6st\u00e4 tai sen toimimattomuudesta. 4. Linkit kolmansien osapuolten sivustoihin Sivustolla voi olla linkkej\u00e4 ulkopuolisiin verkkosivustoihin. Alvoration Oy ei vastaa n\u00e4iden sivustojen sis\u00e4ll\u00f6st\u00e4 tai tietosuojak\u00e4yt\u00e4nn\u00f6ist\u00e4. 5. K\u00e4ytt\u00e4j\u00e4n velvollisuudet K\u00e4ytt\u00e4j\u00e4 sitoutuu k\u00e4ytt\u00e4m\u00e4\u00e4n sivustoa lain ja hyv\u00e4n tavan mukaisesti. Sivuston k\u00e4ytt\u00f6, joka h\u00e4iritsee sen toimintaa, vaarantaa tietoturvaa tai rikkoo k\u00e4ytt\u00f6ehtoja, on kielletty. 6. Tietosuoja ja ev\u00e4steet Sivuston k\u00e4ytt\u00f6\u00f6n sovelletaan\u00a0Tietosuojaselostetta ja ev\u00e4stek\u00e4yt\u00e4nt\u00f6\u00e4, jossa kuvataan henkil\u00f6tietojen k\u00e4sittely ja ev\u00e4steiden k\u00e4ytt\u00f6. 7. Muutokset k\u00e4ytt\u00f6ehtoihin Alvoration Oy pid\u00e4tt\u00e4\u00e4 oikeuden muuttaa k\u00e4ytt\u00f6ehtoja ilman erillist\u00e4 ilmoitusta. K\u00e4ytt\u00e4j\u00e4n vastuulla on tarkistaa ehdot s\u00e4\u00e4nn\u00f6llisesti. 8. Sovellettava laki ja riidanratkaisu N\u00e4ihin k\u00e4ytt\u00f6ehtoihin sovelletaan Suomen lakia. Mahdolliset erimielisyydet pyrit\u00e4\u00e4n ensisijaisesti ratkaisemaan neuvotteluteitse. Mik\u00e4li se ei ole mahdollista, riidat ratkaistaan Helsingin k\u00e4r\u00e4j\u00e4oikeudessa.","og_url":"https:\/\/www.alvoration.com\/en\/kayttoehdot\/","og_site_name":"Alvoration","article_publisher":"https:\/\/www.facebook.com\/people\/Alvoration","article_modified_time":"2025-08-08T10:38:14+00:00","og_image":[{"width":512,"height":512,"url":"https:\/\/www.alvoration.com\/wp-content\/uploads\/2022\/12\/android-chrome-512x512-1.webp","type":"image\/webp"}],"twitter_card":"summary_large_image","twitter_misc":{"Est. reading time":"1 minute"},"schema":{"@context":"https:\/\/schema.org","@graph":[{"@type":"WebPage","@id":"https:\/\/www.alvoration.com\/kayttoehdot\/","url":"https:\/\/www.alvoration.com\/kayttoehdot\/","name":"K\u00e4ytt\u00f6ehdot - Alvoration","isPartOf":{"@id":"https:\/\/www.alvoration.com\/en\/#website"},"datePublished":"2025-08-08T10:32:40+00:00","dateModified":"2025-08-08T10:38:14+00:00","breadcrumb":{"@id":"https:\/\/www.alvoration.com\/kayttoehdot\/#breadcrumb"},"inLanguage":"en-US","potentialAction":[{"@type":"ReadAction","target":["https:\/\/www.alvoration.com\/kayttoehdot\/"]}]},{"@type":"BreadcrumbList","@id":"https:\/\/www.alvoration.com\/kayttoehdot\/#breadcrumb","itemListElement":[{"@type":"ListItem","position":1,"name":"Etusivu","item":"https:\/\/www.alvoration.com\/"},{"@type":"ListItem","position":2,"name":"K\u00e4ytt\u00f6ehdot"}]},{"@type":"WebSite","@id":"https:\/\/www.alvoration.com\/en\/#website","url":"https:\/\/www.alvoration.com\/en\/","name":"Alvoration","description":"Automatisoi prosessisi | RPA &amp; AI","publisher":{"@id":"https:\/\/www.alvoration.com\/en\/#organization"},"potentialAction":[{"@type":"SearchAction","target":{"@type":"EntryPoint","urlTemplate":"https:\/\/www.alvoration.com\/en\/?s={search_term_string}"},"query-input":{"@type":"PropertyValueSpecification","valueRequired":true,"valueName":"search_term_string"}}],"inLanguage":"en-US"},{"@type":"Organization","@id":"https:\/\/www.alvoration.com\/en\/#organization","name":"Alvoration","url":"https:\/\/www.alvoration.com\/en\/","logo":{"@type":"ImageObject","inLanguage":"en-US","@id":"https:\/\/www.alvoration.com\/en\/#\/schema\/logo\/image\/","url":"https:\/\/www.alvoration.com\/wp-content\/uploads\/2022\/12\/android-chrome-512x512-1.webp","contentUrl":"https:\/\/www.alvoration.com\/wp-content\/uploads\/2022\/12\/android-chrome-512x512-1.webp","width":512,"height":512,"caption":"Alvoration"},"image":{"@id":"https:\/\/www.alvoration.com\/en\/#\/schema\/logo\/image\/"},"sameAs":["https:\/\/www.facebook.com\/people\/Alvoration","https:\/\/www.linkedin.com\/company\/alvoration","https:\/\/www.youtube.com\/@alvorationoy"]}]}},"_links":{"self":[{"href":"https:\/\/www.alvoration.com\/en\/wp-json\/wp\/v2\/pages\/7882","targetHints":{"allow":["GET"]}}],"collection":[{"href":"https:\/\/www.alvoration.com\/en\/wp-json\/wp\/v2\/pages"}],"about":[{"href":"https:\/\/www.alvoration.com\/en\/wp-json\/wp\/v2\/types\/page"}],"author":[{"embeddable":true,"href":"https:\/\/www.alvoration.com\/en\/wp-json\/wp\/v2\/users\/1"}],"replies":[{"embeddable":true,"href":"https:\/\/www.alvoration.com\/en\/wp-json\/wp\/v2\/comments?post=7882"}],"version-history":[{"count":16,"href":"https:\/\/www.alvoration.com\/en\/wp-json\/wp\/v2\/pages\/7882\/revisions"}],"predecessor-version":[{"id":7899,"href":"https:\/\/www.alvoration.com\/en\/wp-json\/wp\/v2\/pages\/7882\/revisions\/7899"}],"wp:attachment":[{"href":"https:\/\/www.alvoration.com\/en\/wp-json\/wp\/v2\/media?parent=7882"}],"curies":[{"name":"wp","href":"https:\/\/api.w.org\/{rel}","templated":true}]}}